{"id":8227,"date":"2023-07-21T11:37:29","date_gmt":"2023-07-21T11:37:29","guid":{"rendered":"https:\/\/trust-vehicle-69.de\/?page_id=8227"},"modified":"2025-11-04T11:33:03","modified_gmt":"2025-11-04T11:33:03","slug":"impressum","status":"publish","type":"page","link":"https:\/\/dynasty-motors.de\/en\/impressum\/","title":{"rendered":"Imprint"},"content":{"rendered":"<div data-elementor-type=\"wp-page\" data-elementor-id=\"8227\" class=\"elementor elementor-8227\" data-elementor-post-type=\"page\">\n\t\t\t\t\t\t<section class=\"elementor-section elementor-top-section elementor-element elementor-element-da811e0 elementor-section-boxed elementor-section-height-default elementor-section-height-default\" data-id=\"da811e0\" data-element_type=\"section\" data-settings=\"{&quot;background_background&quot;:&quot;classic&quot;}\">\n\t\t\t\t\t\t\t<div class=\"elementor-background-overlay\"><\/div>\n\t\t\t\t\t\t\t<div class=\"elementor-container elementor-column-gap-default\">\n\t\t\t\t\t<div class=\"elementor-column elementor-col-100 elementor-top-column elementor-element elementor-element-725d7e1\" data-id=\"725d7e1\" data-element_type=\"column\" data-settings=\"{&quot;background_background&quot;:&quot;classic&quot;}\">\n\t\t\t<div class=\"elementor-widget-wrap elementor-element-populated\">\n\t\t\t\t\t\t<section class=\"elementor-section elementor-inner-section elementor-element elementor-element-e537aa9 elementor-section-boxed elementor-section-height-default elementor-section-height-default\" data-id=\"e537aa9\" data-element_type=\"section\">\n\t\t\t\t\t\t<div class=\"elementor-container elementor-column-gap-default\">\n\t\t\t\t\t<div class=\"elementor-column elementor-col-100 elementor-inner-column elementor-element elementor-element-0d2b1b3\" data-id=\"0d2b1b3\" data-element_type=\"column\">\n\t\t\t<div class=\"elementor-widget-wrap elementor-element-populated\">\n\t\t\t\t\t\t<div class=\"elementor-element elementor-element-a3ff237 elementor-widget elementor-widget-html\" data-id=\"a3ff237\" data-element_type=\"widget\" data-widget_type=\"html.default\">\n\t\t\t\t<div class=\"elementor-widget-container\">\n\t\t\t\t\t<!DOCTYPE html>\n<html lang=\"de\">\n<head>\n    <meta charset=\"UTF-8\">\n    <meta name=\"viewport\" content=\"width=device-width, initial-scale=1.0\">\n    <title>Marktwert Fahrzeugankauf - Dynasty-Motors GmbH<\/title>\n    <style>\n        * {\n            margin: 0;\n            padding: 0;\n            box-sizing: border-box;\n        }\n\n        body {\n            font-family: 'Segoe UI', Arial, sans-serif;\n            color: #333;\n            line-height: 1.6;\n        }\n\n        .market-value-section {\n            background: transparent;\n            padding: 20px 0;\n            position: relative;\n        }\n\n        .market-value-container {\n            max-width: 1200px;\n            margin: 0 auto;\n            padding: 0 20px;\n            position: relative;\n            z-index: 2;\n        }\n\n        .market-value-header {\n            text-align: center;\n            opacity: 0;\n            transform: translateY(20px);\n            transition: all 0.8s ease-out;\n        }\n\n        .market-value-header.animate {\n            opacity: 1;\n            transform: translateY(0);\n        }\n\n        .market-value-main-title {\n            font-size: 1.8rem;\n            font-weight: 700;\n            margin-bottom: 15px;\n            color: #9B1E2B;\n        }\n\n        .market-value-description {\n            font-size: 1rem;\n            color: #333;\n            line-height: 1.6;\n            max-width: 800px;\n            margin: 0 auto;\n            text-align: center;\n            font-weight: 400;\n        }\n\n\n        @media (max-width: 768px) {\n            .market-value-container {\n                padding: 0 15px;\n            }\n            \n            .market-value-main-title {\n                font-size: 1.5rem;\n            }\n            \n            .market-value-description {\n                font-size: 0.9rem;\n            }\n        }\n\n        @media (max-width: 480px) {\n            .market-value-main-title {\n                font-size: 1.3rem;\n            }\n            \n            .market-value-description {\n                font-size: 0.85rem;\n            }\n        }\n\n        .elementor-8227 .elementor-element.elementor-element-725d7e1 > .elementor-element-populated {\n            box-shadow: none !important;\n        }\n    <\/style>\n<\/head>\n<body>\n    <div class=\"market-value-section\">\n        <div class=\"market-value-container\">\n            <div class=\"market-value-header\">\n                <h1 class=\"market-value-main-title\">Imprint<\/h1>\n                <p class=\"market-value-description\">\nWe serve you with our professional team\n                <\/p>\n            <\/div>\n        <\/div>\n    <\/div>\n\n    <script>\n        \/\/ Market Value Section Animation - Unique namespace\n        (function() {\n            'use strict';\n            \n            \/\/ Wait for DOM to be ready\n            document.addEventListener('DOMContentLoaded', function() {\n                \/\/ Intersection Observer for animations\n                const marketValueObserverOptions = {\n                    threshold: 0.1,\n                    rootMargin: '0px 0px -50px 0px'\n                };\n\n                const marketValueObserver = new IntersectionObserver((entries) => {\n                    entries.forEach(entry => {\n                        if (entry.isIntersecting) {\n                            entry.target.classList.add('animate');\n                            console.log('Market Value Animation triggered for:', entry.target.className);\n                        }\n                    });\n                }, marketValueObserverOptions);\n\n                \/\/ Observe header\n                const header = document.querySelector('.market-value-header');\n                if (header) {\n                    marketValueObserver.observe(header);\n                    console.log('Market Value Header observed');\n                }\n\n            });\n        })();\n    <\/script>\n<\/body>\n<\/html>\n\t\t\t\t<\/div>\n\t\t\t\t<\/div>\n\t\t\t\t\t<\/div>\n\t\t<\/div>\n\t\t\t\t\t<\/div>\n\t\t<\/section>\n\t\t\t\t\t<\/div>\n\t\t<\/div>\n\t\t\t\t\t<\/div>\n\t\t<\/section>\n\t\t\t\t<section class=\"elementor-section elementor-top-section elementor-element elementor-element-dde2def elementor-section-boxed elementor-section-height-default elementor-section-height-default\" data-id=\"dde2def\" data-element_type=\"section\" data-settings=\"{&quot;background_background&quot;:&quot;classic&quot;,&quot;shape_divider_bottom&quot;:&quot;waves&quot;,&quot;shape_divider_bottom_negative&quot;:&quot;yes&quot;}\">\n\t\t\t\t\t\t\t<div class=\"elementor-background-overlay\"><\/div>\n\t\t\t\t\t\t<div class=\"elementor-shape elementor-shape-bottom\" aria-hidden=\"true\" data-negative=\"true\">\n\t\t\t<svg xmlns=\"http:\/\/www.w3.org\/2000\/svg\" viewbox=\"0 0 1000 100\" preserveaspectratio=\"none\">\n\t<path class=\"elementor-shape-fill\" d=\"M790.5,93.1c-59.3-5.3-116.8-18-192.6-50c-29.6-12.7-76.9-31-100.5-35.9c-23.6-4.9-52.6-7.8-75.5-5.3\tc-10.2,1.1-22.6,1.4-50.1,7.4c-27.2,6.3-58.2,16.6-79.4,24.7c-41.3,15.9-94.9,21.9-134,22.6C72,58.2,0,25.8,0,25.8V100h1000V65.3\tc0,0-51.5,19.4-106.2,25.7C839.5,97,814.1,95.2,790.5,93.1z\"\/>\n<\/svg>\t\t<\/div>\n\t\t\t\t\t<div class=\"elementor-container elementor-column-gap-default\">\n\t\t\t\t\t<div class=\"elementor-column elementor-col-100 elementor-top-column elementor-element elementor-element-d350a73\" data-id=\"d350a73\" data-element_type=\"column\">\n\t\t\t<div class=\"elementor-widget-wrap elementor-element-populated\">\n\t\t\t\t\t\t<div class=\"elementor-element elementor-element-102889c elementor-widget elementor-widget-heading\" data-id=\"102889c\" data-element_type=\"widget\" data-widget_type=\"heading.default\">\n\t\t\t\t<div class=\"elementor-widget-container\">\n\t\t\t\t\t<h2 class=\"elementor-heading-title elementor-size-default\">Dynasty Motors GMBH<\/h2>\t\t\t\t<\/div>\n\t\t\t\t<\/div>\n\t\t\t\t<div class=\"elementor-element elementor-element-a025ba7 elementor-widget elementor-widget-text-editor\" data-id=\"a025ba7\" data-element_type=\"widget\" data-widget_type=\"text-editor.default\">\n\t\t\t\t<div class=\"elementor-widget-container\">\n\t\t\t\t\t\t\t\t\t<p><span data-teams=\"true\">HRB 41483, Augsburg Local Court<\/span><\/p><p><span data-teams=\"true\"><strong>Managing Director:<\/strong> Tarik Sahin<\/span><\/p><p><span data-teams=\"true\"><strong>Address:<\/strong><\/span> <span data-teams=\"true\">Heinrich-Hertz-Stra\u00dfe 10, 86179 Augsburg<\/span><\/p><p><span data-teams=\"true\"><strong>Contact:<\/strong><\/span> <span data-teams=\"true\">info@dynasty-motors.de\u00a0<\/span><\/p><p><strong>Telephone number:<\/strong> +49 (178)-40 46 381<\/p><p><strong>Dynasty Motors GMBH:<\/strong><\/p><p><span data-teams=\"true\">Heinrich-Hertz-Stra\u00dfe 10, 86179 Augsburg<\/span><\/p><p><span data-teams=\"true\"><strong>Note on online dispute resolution:<\/strong><br \/>The EU Commission provides a platform for online dispute resolution (OS): <a id=\"menur9v\" class=\"fui-Link ___1q1shib f2hkw1w f3rmtva f1ewtqcl fyind8e f1k6fduh f1w7gpdv fk6fouc fjoy568 figsok6 f1s184ao f1mk8lai fnbmjn9 f1o700av f13mvf36 f1cmlufx f9n3di6 f1ids18y f1tx3yz7 f1deo86v f1eh06m1 f1iescvh fhgqx19 f1olyrje f1p93eir f1nev41a f1h8hb77 f1lqvz6u f10aw75t fsle3fq f17ae5zn\" title=\"https:\/\/ec.europa.eu\/consumers\/odr\" href=\"https:\/\/ec.europa.eu\/consumers\/odr\" target=\"_blank\" rel=\"noreferrer noopener\" aria-label=\"https:\/\/ec.europa.eu\/consumers\/odr Ba\u011flant\u0131s\u0131\">https:\/\/ec.europa.eu\/consumers\/odr<\/a><\/span><\/p><p><strong>Sales tax ID:<\/strong><\/p><p>Sales tax identification number according to \u00a727a sales tax law: DE35990303<\/p><p><strong>Consumer dispute resolution\/universal arbitration centre:<\/strong><\/p><p>We are not willing or obliged to participate in dispute resolution proceedings before a consumer arbitration board.<\/p><p>Please note that this is a general template. It is important to ensure that all legal requirements and details are correct and up to date, as legal notice information is subject to legal requirements. It is recommended to seek legal advice to ensure that your legal notice complies with current regulations.<\/p>\t\t\t\t\t\t\t\t<\/div>\n\t\t\t\t<\/div>\n\t\t\t\t\t<\/div>\n\t\t<\/div>\n\t\t\t\t\t<\/div>\n\t\t<\/section>\n\t\t\t\t<\/div>","protected":false},"excerpt":{"rendered":"<p>Marktwert Fahrzeugankauf &#8211; Dynasty-Motors GmbH Impressum Wir bedienen Sie mit unserem professionellen Team Dynasty Motors GMBH HRB 41483, Amtsgericht Augsburg Gesch\u00e4ftsf\u00fchrer: Tarik Sahin Anschrift: Heinrich-Hertz-Stra\u00dfe 10, 86179 Augsburg Kontakt: info@dynasty-motors.de\u00a0 Telefonnummer: +49 (178)-40 46 381 Dynasty Motors GMBH: Heinrich-Hertz-Stra\u00dfe 10, 86179 Augsburg Hinweis zur Online-Streitbeilegung:Die EU-Kommission stellt eine Plattform zur Online-Streitbeilegung (OS) bereit: https:\/\/ec.europa.eu\/consumers\/odr Umsatzsteuer-ID: [&hellip;]<\/p>","protected":false},"author":1,"featured_media":0,"parent":0,"menu_order":0,"comment_status":"closed","ping_status":"closed","template":"elementor_header_footer","meta":{"footnotes":""},"class_list":["post-8227","page","type-page","status-publish","hentry"],"_links":{"self":[{"href":"https:\/\/dynasty-motors.de\/en\/wp-json\/wp\/v2\/pages\/8227","targetHints":{"allow":["GET"]}}],"collection":[{"href":"https:\/\/dynasty-motors.de\/en\/wp-json\/wp\/v2\/pages"}],"about":[{"href":"https:\/\/dynasty-motors.de\/en\/wp-json\/wp\/v2\/types\/page"}],"author":[{"embeddable":true,"href":"https:\/\/dynasty-motors.de\/en\/wp-json\/wp\/v2\/users\/1"}],"replies":[{"embeddable":true,"href":"https:\/\/dynasty-motors.de\/en\/wp-json\/wp\/v2\/comments?post=8227"}],"version-history":[{"count":36,"href":"https:\/\/dynasty-motors.de\/en\/wp-json\/wp\/v2\/pages\/8227\/revisions"}],"predecessor-version":[{"id":9441,"href":"https:\/\/dynasty-motors.de\/en\/wp-json\/wp\/v2\/pages\/8227\/revisions\/9441"}],"wp:attachment":[{"href":"https:\/\/dynasty-motors.de\/en\/wp-json\/wp\/v2\/media?parent=8227"}],"curies":[{"name":"wp","href":"https:\/\/api.w.org\/{rel}","templated":true}]}}