{"id":8229,"date":"2023-07-21T11:37:47","date_gmt":"2023-07-21T11:37:47","guid":{"rendered":"https:\/\/trust-vehicle-69.de\/?page_id=8229"},"modified":"2025-11-04T11:32:17","modified_gmt":"2025-11-04T11:32:17","slug":"datenschutz","status":"publish","type":"page","link":"https:\/\/dynasty-motors.de\/en\/datenschutz\/","title":{"rendered":"Data protection"},"content":{"rendered":"<div data-elementor-type=\"wp-page\" data-elementor-id=\"8229\" class=\"elementor elementor-8229\" data-elementor-post-type=\"page\">\n\t\t\t\t\t\t<section class=\"elementor-section elementor-top-section elementor-element elementor-element-e05f205 elementor-section-boxed elementor-section-height-default elementor-section-height-default\" data-id=\"e05f205\" data-element_type=\"section\" data-settings=\"{&quot;background_background&quot;:&quot;classic&quot;}\">\n\t\t\t\t\t\t\t<div class=\"elementor-background-overlay\"><\/div>\n\t\t\t\t\t\t\t<div class=\"elementor-container elementor-column-gap-default\">\n\t\t\t\t\t<div class=\"elementor-column elementor-col-100 elementor-top-column elementor-element elementor-element-a382cf8\" data-id=\"a382cf8\" data-element_type=\"column\" data-settings=\"{&quot;background_background&quot;:&quot;classic&quot;}\">\n\t\t\t<div class=\"elementor-widget-wrap elementor-element-populated\">\n\t\t\t\t\t\t<section class=\"elementor-section elementor-inner-section elementor-element elementor-element-3c8c7cf elementor-section-boxed elementor-section-height-default elementor-section-height-default\" data-id=\"3c8c7cf\" data-element_type=\"section\">\n\t\t\t\t\t\t<div class=\"elementor-container elementor-column-gap-default\">\n\t\t\t\t\t<div class=\"elementor-column elementor-col-100 elementor-inner-column elementor-element elementor-element-9796641\" data-id=\"9796641\" data-element_type=\"column\">\n\t\t\t<div class=\"elementor-widget-wrap elementor-element-populated\">\n\t\t\t\t\t\t<div class=\"elementor-element elementor-element-586426f elementor-widget elementor-widget-html\" data-id=\"586426f\" data-element_type=\"widget\" data-widget_type=\"html.default\">\n\t\t\t\t<div class=\"elementor-widget-container\">\n\t\t\t\t\t<!DOCTYPE html>\n<html lang=\"de\">\n<head>\n    <meta charset=\"UTF-8\">\n    <meta name=\"viewport\" content=\"width=device-width, initial-scale=1.0\">\n    <title>Marktwert Fahrzeugankauf - Dynasty-Motors GmbH<\/title>\n    <style>\n        * {\n            margin: 0;\n            padding: 0;\n            box-sizing: border-box;\n        }\n\n        body {\n            font-family: 'Segoe UI', Arial, sans-serif;\n            color: #333;\n            line-height: 1.6;\n        }\n\n        .market-value-section {\n            background: transparent;\n            padding: 20px 0;\n            position: relative;\n        }\n\n        .market-value-container {\n            max-width: 1200px;\n            margin: 0 auto;\n            padding: 0 20px;\n            position: relative;\n            z-index: 2;\n        }\n\n        .market-value-header {\n            text-align: center;\n            opacity: 0;\n            transform: translateY(20px);\n            transition: all 0.8s ease-out;\n        }\n\n        .market-value-header.animate {\n            opacity: 1;\n            transform: translateY(0);\n        }\n\n        .market-value-main-title {\n            font-size: 1.8rem;\n            font-weight: 700;\n            margin-bottom: 15px;\n            color: #9B1E2B;\n        }\n\n        .market-value-description {\n            font-size: 1rem;\n            color: #333;\n            line-height: 1.6;\n            max-width: 800px;\n            margin: 0 auto;\n            text-align: center;\n            font-weight: 400;\n        }\n\n\n        @media (max-width: 768px) {\n            .market-value-container {\n                padding: 0 15px;\n            }\n            \n            .market-value-main-title {\n                font-size: 1.5rem;\n            }\n            \n            .market-value-description {\n                font-size: 0.9rem;\n            }\n        }\n\n        @media (max-width: 480px) {\n            .market-value-main-title {\n                font-size: 1.3rem;\n            }\n            \n            .market-value-description {\n                font-size: 0.85rem;\n            }\n        }\n\n        .elementor-8229 .elementor-element.elementor-element-a382cf8 > .elementor-element-populated {\n            box-shadow: none !important;\n        }\n    <\/style>\n<\/head>\n<body>\n    <div class=\"market-value-section\">\n        <div class=\"market-value-container\">\n            <div class=\"market-value-header\">\n                <h1 class=\"market-value-main-title\">\nData protection<\/h1>\n                <p class=\"market-value-description\">\n                   \n\nGENERAL NOTICE AND MANDATORY INFORMATION\n\n                <\/p>\n            <\/div>\n        <\/div>\n    <\/div>\n\n    <script>\n        \/\/ Market Value Section Animation - Unique namespace\n        (function() {\n            'use strict';\n            \n            \/\/ Wait for DOM to be ready\n            document.addEventListener('DOMContentLoaded', function() {\n                \/\/ Intersection Observer for animations\n                const marketValueObserverOptions = {\n                    threshold: 0.1,\n                    rootMargin: '0px 0px -50px 0px'\n                };\n\n                const marketValueObserver = new IntersectionObserver((entries) => {\n                    entries.forEach(entry => {\n                        if (entry.isIntersecting) {\n                            entry.target.classList.add('animate');\n                            console.log('Market Value Animation triggered for:', entry.target.className);\n                        }\n                    });\n                }, marketValueObserverOptions);\n\n                \/\/ Observe header\n                const header = document.querySelector('.market-value-header');\n                if (header) {\n                    marketValueObserver.observe(header);\n                    console.log('Market Value Header observed');\n                }\n\n            });\n        })();\n    <\/script>\n<\/body>\n<\/html>\n\t\t\t\t<\/div>\n\t\t\t\t<\/div>\n\t\t\t\t\t<\/div>\n\t\t<\/div>\n\t\t\t\t\t<\/div>\n\t\t<\/section>\n\t\t\t\t\t<\/div>\n\t\t<\/div>\n\t\t\t\t\t<\/div>\n\t\t<\/section>\n\t\t\t\t<section class=\"elementor-section elementor-top-section elementor-element elementor-element-a3db56e elementor-section-boxed elementor-section-height-default elementor-section-height-default\" data-id=\"a3db56e\" data-element_type=\"section\" data-settings=\"{&quot;background_background&quot;:&quot;classic&quot;,&quot;shape_divider_bottom&quot;:&quot;waves&quot;,&quot;shape_divider_bottom_negative&quot;:&quot;yes&quot;}\">\n\t\t\t\t\t\t\t<div class=\"elementor-background-overlay\"><\/div>\n\t\t\t\t\t\t<div class=\"elementor-shape elementor-shape-bottom\" aria-hidden=\"true\" data-negative=\"true\">\n\t\t\t<svg xmlns=\"http:\/\/www.w3.org\/2000\/svg\" viewbox=\"0 0 1000 100\" preserveaspectratio=\"none\">\n\t<path class=\"elementor-shape-fill\" d=\"M790.5,93.1c-59.3-5.3-116.8-18-192.6-50c-29.6-12.7-76.9-31-100.5-35.9c-23.6-4.9-52.6-7.8-75.5-5.3\tc-10.2,1.1-22.6,1.4-50.1,7.4c-27.2,6.3-58.2,16.6-79.4,24.7c-41.3,15.9-94.9,21.9-134,22.6C72,58.2,0,25.8,0,25.8V100h1000V65.3\tc0,0-51.5,19.4-106.2,25.7C839.5,97,814.1,95.2,790.5,93.1z\"\/>\n<\/svg>\t\t<\/div>\n\t\t\t\t\t<div class=\"elementor-container elementor-column-gap-default\">\n\t\t\t\t\t<div class=\"elementor-column elementor-col-100 elementor-top-column elementor-element elementor-element-5f8340b\" data-id=\"5f8340b\" data-element_type=\"column\">\n\t\t\t<div class=\"elementor-widget-wrap elementor-element-populated\">\n\t\t\t\t\t\t<div class=\"elementor-element elementor-element-4deb596 elementor-widget elementor-widget-heading\" data-id=\"4deb596\" data-element_type=\"widget\" data-widget_type=\"heading.default\">\n\t\t\t\t<div class=\"elementor-widget-container\">\n\t\t\t\t\t<h2 class=\"elementor-heading-title elementor-size-default\">Privacy Policy<\/h2>\t\t\t\t<\/div>\n\t\t\t\t<\/div>\n\t\t\t\t<div class=\"elementor-element elementor-element-e95ec5f elementor-widget elementor-widget-text-editor\" data-id=\"e95ec5f\" data-element_type=\"widget\" data-widget_type=\"text-editor.default\">\n\t\t\t\t<div class=\"elementor-widget-container\">\n\t\t\t\t\t\t\t\t\t<p>This privacy policy informs you about the nature, scope and <br \/>and the purpose of the processing of personal data (hereinafter referred to as \"data\") in the context of our website <a href=\"https:\/\/dynasty-motors.de\/en\/\"><strong>https:\/\/dynasty-motors.de\/<\/strong><\/a> and our business activities.<\/p><p><span data-teams=\"true\"><strong>1. general information<\/strong><br \/>The protection of your personal data is important to us. We treat your data confidentially and in accordance with the statutory data protection regulations and this privacy policy.<\/span><\/p><p><span data-teams=\"true\"><strong>2. responsible person<\/strong><br \/>Dynasty Motors GmbH<br \/>Heinrich-Hertz-Stra\u00dfe 10, 86179 Augsburg<br \/>E-Mail: <a id=\"menur8q\" class=\"fui-Link ___1q1shib f2hkw1w f3rmtva f1ewtqcl fyind8e f1k6fduh f1w7gpdv fk6fouc fjoy568 figsok6 f1s184ao f1mk8lai fnbmjn9 f1o700av f13mvf36 f1cmlufx f9n3di6 f1ids18y f1tx3yz7 f1deo86v f1eh06m1 f1iescvh fhgqx19 f1olyrje f1p93eir f1nev41a f1h8hb77 f1lqvz6u f10aw75t fsle3fq f17ae5zn\" title=\"mailto:info@dynasty-motors.de\" href=\"mailto:info@dynasty-motors.de\" target=\"_blank\" rel=\"noreferrer noopener\" aria-label=\"info@dynasty-motors.de Ba\u011flant\u0131s\u0131\">info@dynasty-motors.de<\/a><\/span><\/p><p><strong>3. data collection and processing<\/strong><br \/>Personal data is only collected if you actively provide it to us, e.g. via forms, contact enquiries or vehicle purchase services. This includes, among other things:<\/p><ul><li>Name, e-mail address, telephone number<\/li><li>Vehicle data (make, model, year of manufacture, mileage, etc.)<\/li><li>Vehicle images and other information required to evaluate the vehicle<\/li><li>Content that you provide via social media links or platforms<\/li><\/ul><p>This data is used to evaluate your vehicle, to prepare a price offer and to prepare the processing of the vehicle purchase.<\/p><p><strong>4. disclosure to third parties<\/strong><br \/>Your data will only be passed on:<\/p><ul><li>if this is necessary for contract processing or evaluation<\/li><li>if we are legally obliged to do so<\/li><li>in the context of the use of third-party providers, e.g. social media platforms or Google Fonts<\/li><\/ul><p>We <strong>assume no liability<\/strong> for the processing of your data or images by third parties, including in connection with social media platforms.<\/p><p><span data-teams=\"true\"><strong>5. cookies &amp; tracking<\/strong><br \/>Our website does not use tracking cookies that collect personal data without your consent.<\/span><\/p><p><strong>6. your rights<\/strong><br \/>You have the right to:<\/p><ul><li>Information about stored data<\/li><li>Correction or deletion of your data<\/li><li>Restriction of processing<\/li><li>Objection to processing<\/li><li>Data portability<\/li><\/ul><p>Please send your enquiries to: <a id=\"menur8s\" class=\"fui-Link ___1q1shib f2hkw1w f3rmtva f1ewtqcl fyind8e f1k6fduh f1w7gpdv fk6fouc fjoy568 figsok6 f1s184ao f1mk8lai fnbmjn9 f1o700av f13mvf36 f1cmlufx f9n3di6 f1ids18y f1tx3yz7 f1deo86v f1eh06m1 f1iescvh fhgqx19 f1olyrje f1p93eir f1nev41a f1h8hb77 f1lqvz6u f10aw75t fsle3fq f17ae5zn\" title=\"mailto:info@dynasty-motors.de\" href=\"mailto:info@dynasty-motors.de\" target=\"_blank\" rel=\"noreferrer noopener\" aria-label=\"info@dynasty-motors.de Ba\u011flant\u0131s\u0131\">info@dynasty-motors.de<\/a><\/p><p><span data-teams=\"true\"><strong>7. disclaimer<\/strong><br \/>All data, information, images or content provided by you, including via social media channels, are used for vehicle evaluation. We <strong>assume no liability whatsoever<\/strong> for the accuracy, completeness or consequences of the use of this data by us or third parties.<\/span><\/p><p><strong>8. google fonts<\/strong><br \/>Our website uses Google Fonts, a service provided by Google Ireland Limited, Gordon House, Barrow Street, Dublin 4, Ireland (\"Google\") <strong>only for displaying the fonts<\/strong>.<\/p><ul><li>When loading Google Fonts, your IP address may be transmitted to Google.<\/li><li>We have <strong>no influence<\/strong> to the data processing by Google and assume <strong>No liability<\/strong>.<\/li><li>Note: To avoid data transmission, Google Fonts can be integrated locally.<\/li><\/ul>\t\t\t\t\t\t\t\t<\/div>\n\t\t\t\t<\/div>\n\t\t\t\t\t<\/div>\n\t\t<\/div>\n\t\t\t\t\t<\/div>\n\t\t<\/section>\n\t\t\t\t<\/div>","protected":false},"excerpt":{"rendered":"<p>Marktwert Fahrzeugankauf &#8211; Dynasty-Motors GmbH Datenschutz ALLGEMEINER HINWEIS UND PFLICHTINFORMATIONEN Datenschutzrichtlinie Diese Datenschutzrichtlinie informiert Sie \u00fcber die Art, den Umfang und den Zweck der Verarbeitung von personenbezogenen Daten (nachfolgend &#8222;Daten&#8220;) im Rahmen unserer Website https:\/\/dynasty-motors.de\/ sowie unserer gesch\u00e4ftlichen T\u00e4tigkeiten. 1. AllgemeinesDer Schutz Ihrer personenbezogenen Daten ist uns wichtig. Wir behandeln Ihre Daten vertraulich und entsprechend [&hellip;]<\/p>","protected":false},"author":1,"featured_media":0,"parent":0,"menu_order":0,"comment_status":"closed","ping_status":"closed","template":"elementor_header_footer","meta":{"footnotes":""},"class_list":["post-8229","page","type-page","status-publish","hentry"],"_links":{"self":[{"href":"https:\/\/dynasty-motors.de\/en\/wp-json\/wp\/v2\/pages\/8229","targetHints":{"allow":["GET"]}}],"collection":[{"href":"https:\/\/dynasty-motors.de\/en\/wp-json\/wp\/v2\/pages"}],"about":[{"href":"https:\/\/dynasty-motors.de\/en\/wp-json\/wp\/v2\/types\/page"}],"author":[{"embeddable":true,"href":"https:\/\/dynasty-motors.de\/en\/wp-json\/wp\/v2\/users\/1"}],"replies":[{"embeddable":true,"href":"https:\/\/dynasty-motors.de\/en\/wp-json\/wp\/v2\/comments?post=8229"}],"version-history":[{"count":21,"href":"https:\/\/dynasty-motors.de\/en\/wp-json\/wp\/v2\/pages\/8229\/revisions"}],"predecessor-version":[{"id":9438,"href":"https:\/\/dynasty-motors.de\/en\/wp-json\/wp\/v2\/pages\/8229\/revisions\/9438"}],"wp:attachment":[{"href":"https:\/\/dynasty-motors.de\/en\/wp-json\/wp\/v2\/media?parent=8229"}],"curies":[{"name":"wp","href":"https:\/\/api.w.org\/{rel}","templated":true}]}}